{"id":2201,"date":"2012-08-10T06:58:26","date_gmt":"2012-08-10T04:58:26","guid":{"rendered":"https:\/\/cristaleriamikal.es\/localizacion-y-contacto\/"},"modified":"2021-02-02T12:28:18","modified_gmt":"2021-02-02T11:28:18","slug":"standort-kontakt","status":"publish","type":"page","link":"https:\/\/cristaleriamikal.es\/de\/standort-kontakt\/","title":{"rendered":"Kontakt"},"content":{"rendered":"<p>[et_pb_section fb_built=&#8220;1&#8243; admin_label=&#8220;section&#8220; _builder_version=&#8220;4.4.8&#8243; background_enable_image=&#8220;off&#8220; background_video_mp4=&#8220;https:\/\/cristaleriamikal.es\/videos\/contacto.mp4&#8243;][et_pb_row column_structure=&#8220;2_3,1_3&#8243; use_custom_gutter=&#8220;on&#8220; gutter_width=&#8220;2&#8243; admin_label=&#8220;row&#8220; module_class=&#8220;contact-row&#8220; _builder_version=&#8220;4.7.7&#8243; background_size=&#8220;initial&#8220; background_position=&#8220;top_left&#8220; background_repeat=&#8220;repeat&#8220; width=&#8220;90%&#8220; max_width=&#8220;1800px&#8220; custom_margin=&#8220;-33px|auto||auto||&#8220; custom_padding=&#8220;4px|||||&#8220;][et_pb_column type=&#8220;2_3&#8243; _builder_version=&#8220;3.25&#8243; custom_padding=&#8220;|||&#8220; custom_padding__hover=&#8220;|||&#8220;][\/et_pb_column][et_pb_column type=&#8220;1_3&#8243; _builder_version=&#8220;4.7.7&#8243; background_color=&#8220;rgba(255,255,255,0.8)&#8220; custom_padding__hover=&#8220;|||&#8220;][et_pb_text admin_label=&#8220;Texto&#8220; _builder_version=&#8220;4.8.2&#8243; header_font=&#8220;|||on|||||&#8220; header_font_size=&#8220;35px&#8220; background_size=&#8220;initial&#8220; background_position=&#8220;top_left&#8220; background_repeat=&#8220;repeat&#8220; hover_enabled=&#8220;0&#8243; use_border_color=&#8220;off&#8220; border_color=&#8220;#ffffff&#8220; border_style=&#8220;solid&#8220; sticky_enabled=&#8220;0&#8243;]<\/p>\n<h1 class=\"primary-color\">Kontakt<\/h1>\n<p>\n<div class=\"wpcf7 no-js\" id=\"wpcf7-f2203-o1\" lang=\"es-ES\" dir=\"ltr\">\n<div class=\"screen-reader-response\"><p role=\"status\" aria-live=\"polite\" aria-atomic=\"true\"><\/p> <ul><\/ul><\/div>\n<form action=\"\/de\/wp-json\/wp\/v2\/pages\/2201#wpcf7-f2203-o1\" method=\"post\" class=\"wpcf7-form init\" aria-label=\"Formulario de contacto\" novalidate=\"novalidate\" data-status=\"init\">\n<div style=\"display: none;\">\n<input type=\"hidden\" name=\"_wpcf7\" value=\"2203\" \/>\n<input type=\"hidden\" name=\"_wpcf7_version\" value=\"5.9.8\" \/>\n<input type=\"hidden\" name=\"_wpcf7_locale\" value=\"es_ES\" \/>\n<input type=\"hidden\" name=\"_wpcf7_unit_tag\" value=\"wpcf7-f2203-o1\" \/>\n<input type=\"hidden\" name=\"_wpcf7_container_post\" value=\"0\" \/>\n<input type=\"hidden\" name=\"_wpcf7_posted_data_hash\" value=\"\" \/>\n<\/div>\n<div class=\"et_pb_contact\">\n\t<p class=\"et_pb_contact_field et_pb_contact_field_half\"><span class=\"wpcf7-form-control-wrap\" data-name=\"your-name\"><input size=\"40\" maxlength=\"400\" class=\"wpcf7-form-control wpcf7-text wpcf7-validates-as-required\" aria-required=\"true\" aria-invalid=\"false\" placeholder=\"Name\" value=\"\" type=\"text\" name=\"your-name\" \/><\/span>\n\t<\/p>\n\t<p class=\"et_pb_contact_field et_pb_contact_field_half et_pb_contact_field_last\"><span class=\"wpcf7-form-control-wrap\" data-name=\"your-email\"><input size=\"40\" maxlength=\"400\" class=\"wpcf7-form-control wpcf7-email wpcf7-validates-as-required wpcf7-text wpcf7-validates-as-email\" aria-required=\"true\" aria-invalid=\"false\" placeholder=\"E-mail\" value=\"\" type=\"email\" name=\"your-email\" \/><\/span>\n\t<\/p>\n\t<p class=\"et_pb_contact_field et_pb_contact_field_2 et_pb_contact_field_last\"><span class=\"wpcf7-form-control-wrap\" data-name=\"your-message\"><textarea cols=\"40\" rows=\"5\" maxlength=\"2000\" class=\"wpcf7-form-control wpcf7-textarea\" aria-invalid=\"false\" placeholder=\"Nachricht\" name=\"your-message\"><\/textarea><\/span>\n\t<\/p>\n\t<p class=\"small et_pb_contact_field et_pb_contact_field_2 et_pb_contact_field_last\" data-field_type=\"checkbox\"><span class=\"wpcf7-form-control-wrap\" data-name=\"acceptance-672\"><span class=\"wpcf7-form-control wpcf7-acceptance\"><span class=\"wpcf7-list-item\"><label><input type=\"checkbox\" name=\"acceptance-672\" value=\"1\" aria-invalid=\"false\" \/><span class=\"wpcf7-list-item-label\"><i><\/i> Ich akzeptiere ausdr\u00fccklich die Datenschutzbestimmungen. <span id=\"more-info-text\" style=\"display:none;\">Ich akzeptiere ausdr\u00fccklich in \u00dcbereinstimmung mit Artikel 5 des LOPD die Verwendung meiner pers\u00f6nlichen Daten durch das Unternehmen und ich akzeptiere ausdr\u00fccklich durch Abschicken dieser E-Mail die Datenschutzrichtlinien des Unternehmens im Internet.<\/span> <a href=\"#\" class=\"more-info-toggle\">Siehe <span class=\"toggle-text\">+<\/span><\/a><\/span><\/label><\/span><\/span><\/span>\n\t<\/p>\n<\/div>\n<p><input class=\"wpcf7-form-control wpcf7-submit has-spinner et_pb_contact_submit et_pb_button\" type=\"submit\" value=\"Senden\" \/>\n<\/p><div class=\"wpcf7-response-output\" aria-hidden=\"true\"><\/div>\n<\/form>\n<\/div>\n[\/et_pb_text][et_pb_blurb use_icon=&#8220;on&#8220; font_icon=&#8220;%%238%%&#8220; icon_placement=&#8220;left&#8220; admin_label=&#8220;Anuncio&#8220; _builder_version=&#8220;4.7.7&#8243; background_size=&#8220;initial&#8220; background_position=&#8220;top_left&#8220; background_repeat=&#8220;repeat&#8220; custom_margin=&#8220;||4px|||&#8220; use_border_color=&#8220;off&#8220; border_color=&#8220;#ffffff&#8220; border_style=&#8220;solid&#8220;]<\/p>\n<p><a href=\"mailto:info@cristaleriamikal.es\">info@cristaleriamikal.es<\/a><\/p>\n<p>[\/et_pb_blurb][et_pb_blurb use_icon=&#8220;on&#8220; font_icon=&#8220;%%264%%&#8220; icon_placement=&#8220;left&#8220; admin_label=&#8220;Anuncio&#8220; _builder_version=&#8220;4.7.7&#8243; background_size=&#8220;initial&#8220; background_position=&#8220;top_left&#8220; background_repeat=&#8220;repeat&#8220; custom_margin=&#8220;||10px|||&#8220; use_border_color=&#8220;off&#8220; border_color=&#8220;#ffffff&#8220; border_style=&#8220;solid&#8220;]<\/p>\n<p><a href=\"tel:+34971253584\">971 253 584<\/a><\/p>\n<p>[\/et_pb_blurb][et_pb_blurb use_icon=&#8220;on&#8220; font_icon=&#8220;%%249%%&#8220; icon_placement=&#8220;left&#8220; admin_label=&#8220;Anuncio&#8220; _builder_version=&#8220;4.7.7&#8243; background_size=&#8220;initial&#8220; background_position=&#8220;top_left&#8220; background_repeat=&#8220;repeat&#8220; custom_margin=&#8220;||5px|||&#8220; use_border_color=&#8220;off&#8220; border_color=&#8220;#ffffff&#8220; border_style=&#8220;solid&#8220;]C\/ Alexandre de Laborde, 7, 07011 Palma (Mallorca)[\/et_pb_blurb][et_pb_blurb use_icon=&#8220;on&#8220; font_icon=&#8220;%%227%%&#8220; icon_placement=&#8220;left&#8220; admin_label=&#8220;Anuncio&#8220; _builder_version=&#8220;4.7.7&#8243; background_size=&#8220;initial&#8220; background_position=&#8220;top_left&#8220; background_repeat=&#8220;repeat&#8220; custom_margin=&#8220;||||false|false&#8220; use_border_color=&#8220;off&#8220; border_color=&#8220;#ffffff&#8220; border_style=&#8220;solid&#8220;]Von Montag bis Freitag: 8:00 \u2013 16:00[\/et_pb_blurb][et_pb_social_media_follow _builder_version=&#8220;4.7.7&#8243; _module_preset=&#8220;default&#8220;][et_pb_social_media_follow_network social_network=&#8220;facebook&#8220; url=&#8220;https:\/\/www.facebook.com\/cristaleriamikal\/&#8220; _builder_version=&#8220;4.7.7&#8243; _module_preset=&#8220;default&#8220; background_color=&#8220;#3b5998&#8243; follow_button=&#8220;off&#8220; url_new_window=&#8220;on&#8220;]facebook[\/et_pb_social_media_follow_network][et_pb_social_media_follow_network social_network=&#8220;twitter&#8220; url=&#8220;https:\/\/twitter.com\/cristalmikal&#8220; _builder_version=&#8220;4.7.7&#8243; _module_preset=&#8220;default&#8220; background_color=&#8220;#00aced&#8220; follow_button=&#8220;off&#8220; url_new_window=&#8220;on&#8220;]twitter[\/et_pb_social_media_follow_network][et_pb_social_media_follow_network social_network=&#8220;instagram&#8220; url=&#8220;https:\/\/www.instagram.com\/cristaleriamikal\/&#8220; _builder_version=&#8220;4.7.7&#8243; _module_preset=&#8220;default&#8220; background_color=&#8220;#ea2c59&#8243; follow_button=&#8220;off&#8220; url_new_window=&#8220;on&#8220;]instagram[\/et_pb_social_media_follow_network][et_pb_social_media_follow_network social_network=&#8220;pinterest&#8220; url=&#8220;https:\/\/www.pinterest.es\/cristalmikal\/&#8220; _builder_version=&#8220;4.7.7&#8243; _module_preset=&#8220;default&#8220; background_color=&#8220;#cb2027&#8243; follow_button=&#8220;off&#8220; url_new_window=&#8220;on&#8220;]pinterest[\/et_pb_social_media_follow_network][\/et_pb_social_media_follow][et_pb_map address=&#8220;Carrer Alexandre Laborde, 7, 07011 Palma, Illes Balears, Espa\u00f1a&#8220; address_lat=&#8220;39.6003766&#8243; address_lng=&#8220;2.627784600000041&#8243; mouse_wheel=&#8220;off&#8220; mobile_dragging=&#8220;off&#8220; use_grayscale_filter=&#8220;on&#8220; grayscale_filter_amount=&#8220;100&#8243; admin_label=&#8220;Mapa&#8220; _builder_version=&#8220;4.7.7&#8243;][et_pb_map_pin pin_address=&#8220;Carrer Alexandre Laborde, 7, 07011 Palma, Illes Balears, Espa\u00f1a&#8220; pin_address_lat=&#8220;39.6003766&#8243; pin_address_lng=&#8220;2.627784600000041&#8243; _builder_version=&#8220;4.7.7&#8243;][\/et_pb_map_pin][\/et_pb_map][\/et_pb_column][\/et_pb_row][\/et_pb_section]<\/p>\n","protected":false},"excerpt":{"rendered":"<p>Kontakt \n<div class=\"wpcf7 no-js\" id=\"wpcf7-f2203-o2\" lang=\"es-ES\" dir=\"ltr\">\n<div class=\"screen-reader-response\"><p role=\"status\" aria-live=\"polite\" aria-atomic=\"true\"><\/p> <ul><\/ul><\/div>\n<form action=\"\/de\/wp-json\/wp\/v2\/pages\/2201#wpcf7-f2203-o2\" method=\"post\" class=\"wpcf7-form init\" aria-label=\"Formulario de contacto\" novalidate=\"novalidate\" data-status=\"init\">\n<div style=\"display: none;\">\n<input type=\"hidden\" name=\"_wpcf7\" value=\"2203\" \/>\n<input type=\"hidden\" name=\"_wpcf7_version\" value=\"5.9.8\" \/>\n<input type=\"hidden\" name=\"_wpcf7_locale\" value=\"es_ES\" \/>\n<input type=\"hidden\" name=\"_wpcf7_unit_tag\" value=\"wpcf7-f2203-o2\" \/>\n<input type=\"hidden\" name=\"_wpcf7_container_post\" value=\"0\" \/>\n<input type=\"hidden\" name=\"_wpcf7_posted_data_hash\" value=\"\" \/>\n<\/div>\n<div class=\"et_pb_contact\">\n\t<p class=\"et_pb_contact_field et_pb_contact_field_half\"><span class=\"wpcf7-form-control-wrap\" data-name=\"your-name\"><input size=\"40\" maxlength=\"400\" class=\"wpcf7-form-control wpcf7-text wpcf7-validates-as-required\" aria-required=\"true\" aria-invalid=\"false\" placeholder=\"Name\" value=\"\" type=\"text\" name=\"your-name\" \/><\/span>\n\t<\/p>\n\t<p class=\"et_pb_contact_field et_pb_contact_field_half et_pb_contact_field_last\"><span class=\"wpcf7-form-control-wrap\" data-name=\"your-email\"><input size=\"40\" maxlength=\"400\" class=\"wpcf7-form-control wpcf7-email wpcf7-validates-as-required wpcf7-text wpcf7-validates-as-email\" aria-required=\"true\" aria-invalid=\"false\" placeholder=\"E-mail\" value=\"\" type=\"email\" name=\"your-email\" \/><\/span>\n\t<\/p>\n\t<p class=\"et_pb_contact_field et_pb_contact_field_2 et_pb_contact_field_last\"><span class=\"wpcf7-form-control-wrap\" data-name=\"your-message\"><textarea cols=\"40\" rows=\"5\" maxlength=\"2000\" class=\"wpcf7-form-control wpcf7-textarea\" aria-invalid=\"false\" placeholder=\"Nachricht\" name=\"your-message\"><\/textarea><\/span>\n\t<\/p>\n\t<p class=\"small et_pb_contact_field et_pb_contact_field_2 et_pb_contact_field_last\" data-field_type=\"checkbox\"><span class=\"wpcf7-form-control-wrap\" data-name=\"acceptance-672\"><span class=\"wpcf7-form-control wpcf7-acceptance\"><span class=\"wpcf7-list-item\"><label><input type=\"checkbox\" name=\"acceptance-672\" value=\"1\" aria-invalid=\"false\" \/><span class=\"wpcf7-list-item-label\"><i><\/i> Ich akzeptiere ausdr\u00fccklich die Datenschutzbestimmungen. <span id=\"more-info-text\" style=\"display:none;\">Ich akzeptiere ausdr\u00fccklich in \u00dcbereinstimmung mit Artikel 5 des LOPD die Verwendung meiner pers\u00f6nlichen Daten durch das Unternehmen und ich akzeptiere ausdr\u00fccklich durch Abschicken dieser E-Mail die Datenschutzrichtlinien des Unternehmens im Internet.<\/span> <a href=\"#\" class=\"more-info-toggle\">Siehe <span class=\"toggle-text\">+<\/span><\/a><\/span><\/label><\/span><\/span><\/span>\n\t<\/p>\n<\/div>\n<p><input class=\"wpcf7-form-control wpcf7-submit has-spinner et_pb_contact_submit et_pb_button\" type=\"submit\" value=\"Senden\" \/>\n<\/p><div class=\"wpcf7-response-output\" aria-hidden=\"true\"><\/div>\n<\/form>\n<\/div>\ninfo@cristaleriamikal.es971 253 584C\/ Alexandre de Laborde, 7, 07011 Palma (Mallorca)Von Montag bis Freitag: 8:00 \u2013 16:00<\/p>\n","protected":false},"author":17,"featured_media":0,"parent":0,"menu_order":0,"comment_status":"closed","ping_status":"closed","template":"","meta":{"_et_pb_use_builder":"on","_et_pb_old_content":"","_et_gb_content_width":"","footnotes":""},"class_list":["post-2201","page","type-page","status-publish","hentry"],"yoast_head":"<!-- This site is optimized with the Yoast SEO plugin v25.4 - https:\/\/yoast.com\/wordpress\/plugins\/seo\/ -->\n<title>Kontakt - Cristaleria Mikal - Glasprofis auf Mallorca<\/title>\n<meta name=\"description\" content=\"Sie k\u00f6nnen sich mit uns in Verbindung setzen, um uns das Projekt mitzuteilen, das Ihnen vorschwebt, oder um irgendwelche Zweifel zu kl\u00e4ren, die Sie haben k\u00f6nnten.\" \/>\n<meta name=\"robots\" content=\"index, follow, max-snippet:-1, max-image-preview:large, max-video-preview:-1\" \/>\n<link rel=\"canonical\" href=\"https:\/\/cristaleriamikal.es\/de\/standort-kontakt\/\" \/>\n<meta property=\"og:locale\" content=\"de_DE\" \/>\n<meta property=\"og:type\" content=\"article\" \/>\n<meta property=\"og:title\" content=\"Kontakt - Cristaleria Mikal - Glasprofis auf Mallorca\" \/>\n<meta property=\"og:description\" content=\"Sie k\u00f6nnen sich mit uns in Verbindung setzen, um uns das Projekt mitzuteilen, das Ihnen vorschwebt, oder um irgendwelche Zweifel zu kl\u00e4ren, die Sie haben k\u00f6nnten.\" \/>\n<meta property=\"og:url\" content=\"https:\/\/cristaleriamikal.es\/de\/standort-kontakt\/\" \/>\n<meta property=\"og:site_name\" content=\"Cristaleria Mikal\" \/>\n<meta property=\"article:publisher\" content=\"https:\/\/www.facebook.com\/cristaleriamikal\/\" \/>\n<meta property=\"article:modified_time\" content=\"2021-02-02T11:28:18+00:00\" \/>\n<meta name=\"twitter:card\" content=\"summary_large_image\" \/>\n<meta name=\"twitter:site\" content=\"@cristalmikal\" \/>\n<meta name=\"twitter:label1\" content=\"Gesch\u00e4tzte Lesezeit\" \/>\n\t<meta name=\"twitter:data1\" content=\"3\u00a0Minuten\" \/>\n<script type=\"application\/ld+json\" class=\"yoast-schema-graph\">{\"@context\":\"https:\/\/schema.org\",\"@graph\":[{\"@type\":\"WebPage\",\"@id\":\"https:\/\/cristaleriamikal.es\/de\/standort-kontakt\/\",\"url\":\"https:\/\/cristaleriamikal.es\/de\/standort-kontakt\/\",\"name\":\"Kontakt - Cristaleria Mikal - Glasprofis auf Mallorca\",\"isPartOf\":{\"@id\":\"https:\/\/cristaleriamikal.es\/de\/#website\"},\"datePublished\":\"2012-08-10T04:58:26+00:00\",\"dateModified\":\"2021-02-02T11:28:18+00:00\",\"description\":\"Sie k\u00f6nnen sich mit uns in Verbindung setzen, um uns das Projekt mitzuteilen, das Ihnen vorschwebt, oder um irgendwelche Zweifel zu kl\u00e4ren, die Sie haben k\u00f6nnten.\",\"breadcrumb\":{\"@id\":\"https:\/\/cristaleriamikal.es\/de\/standort-kontakt\/#breadcrumb\"},\"inLanguage\":\"de\",\"potentialAction\":[{\"@type\":\"ReadAction\",\"target\":[\"https:\/\/cristaleriamikal.es\/de\/standort-kontakt\/\"]}]},{\"@type\":\"BreadcrumbList\",\"@id\":\"https:\/\/cristaleriamikal.es\/de\/standort-kontakt\/#breadcrumb\",\"itemListElement\":[{\"@type\":\"ListItem\",\"position\":1,\"name\":\"Home\",\"item\":\"https:\/\/cristaleriamikal.es\/de\/\"},{\"@type\":\"ListItem\",\"position\":2,\"name\":\"Kontakt\"}]},{\"@type\":\"WebSite\",\"@id\":\"https:\/\/cristaleriamikal.es\/de\/#website\",\"url\":\"https:\/\/cristaleriamikal.es\/de\/\",\"name\":\"Cristaleria Mikal\",\"description\":\"Cristaler\u00eda Mikal, vidrio, aluminio, herrer\u00eda y pvc en Palma de Mallorca\",\"publisher\":{\"@id\":\"https:\/\/cristaleriamikal.es\/de\/#organization\"},\"potentialAction\":[{\"@type\":\"SearchAction\",\"target\":{\"@type\":\"EntryPoint\",\"urlTemplate\":\"https:\/\/cristaleriamikal.es\/de\/?s={search_term_string}\"},\"query-input\":{\"@type\":\"PropertyValueSpecification\",\"valueRequired\":true,\"valueName\":\"search_term_string\"}}],\"inLanguage\":\"de\"},{\"@type\":\"Organization\",\"@id\":\"https:\/\/cristaleriamikal.es\/de\/#organization\",\"name\":\"Cristaler\u00eda Mikal\",\"url\":\"https:\/\/cristaleriamikal.es\/de\/\",\"logo\":{\"@type\":\"ImageObject\",\"inLanguage\":\"de\",\"@id\":\"https:\/\/cristaleriamikal.es\/de\/#\/schema\/logo\/image\/\",\"url\":\"https:\/\/cristaleriamikal.es\/wp-content\/uploads\/2020\/03\/logo-mikal.png\",\"contentUrl\":\"https:\/\/cristaleriamikal.es\/wp-content\/uploads\/2020\/03\/logo-mikal.png\",\"width\":600,\"height\":245,\"caption\":\"Cristaler\u00eda Mikal\"},\"image\":{\"@id\":\"https:\/\/cristaleriamikal.es\/de\/#\/schema\/logo\/image\/\"},\"sameAs\":[\"https:\/\/www.facebook.com\/cristaleriamikal\/\",\"https:\/\/x.com\/cristalmikal\",\"https:\/\/www.instagram.com\/cristaleriamikal\/\"]}]}<\/script>\n<!-- \/ Yoast SEO plugin. -->","yoast_head_json":{"title":"Kontakt - Cristaleria Mikal - Glasprofis auf Mallorca","description":"Sie k\u00f6nnen sich mit uns in Verbindung setzen, um uns das Projekt mitzuteilen, das Ihnen vorschwebt, oder um irgendwelche Zweifel zu kl\u00e4ren, die Sie haben k\u00f6nnten.","robots":{"index":"index","follow":"follow","max-snippet":"max-snippet:-1","max-image-preview":"max-image-preview:large","max-video-preview":"max-video-preview:-1"},"canonical":"https:\/\/cristaleriamikal.es\/de\/standort-kontakt\/","og_locale":"de_DE","og_type":"article","og_title":"Kontakt - Cristaleria Mikal - Glasprofis auf Mallorca","og_description":"Sie k\u00f6nnen sich mit uns in Verbindung setzen, um uns das Projekt mitzuteilen, das Ihnen vorschwebt, oder um irgendwelche Zweifel zu kl\u00e4ren, die Sie haben k\u00f6nnten.","og_url":"https:\/\/cristaleriamikal.es\/de\/standort-kontakt\/","og_site_name":"Cristaleria Mikal","article_publisher":"https:\/\/www.facebook.com\/cristaleriamikal\/","article_modified_time":"2021-02-02T11:28:18+00:00","twitter_card":"summary_large_image","twitter_site":"@cristalmikal","twitter_misc":{"Gesch\u00e4tzte Lesezeit":"3\u00a0Minuten"},"schema":{"@context":"https:\/\/schema.org","@graph":[{"@type":"WebPage","@id":"https:\/\/cristaleriamikal.es\/de\/standort-kontakt\/","url":"https:\/\/cristaleriamikal.es\/de\/standort-kontakt\/","name":"Kontakt - Cristaleria Mikal - Glasprofis auf Mallorca","isPartOf":{"@id":"https:\/\/cristaleriamikal.es\/de\/#website"},"datePublished":"2012-08-10T04:58:26+00:00","dateModified":"2021-02-02T11:28:18+00:00","description":"Sie k\u00f6nnen sich mit uns in Verbindung setzen, um uns das Projekt mitzuteilen, das Ihnen vorschwebt, oder um irgendwelche Zweifel zu kl\u00e4ren, die Sie haben k\u00f6nnten.","breadcrumb":{"@id":"https:\/\/cristaleriamikal.es\/de\/standort-kontakt\/#breadcrumb"},"inLanguage":"de","potentialAction":[{"@type":"ReadAction","target":["https:\/\/cristaleriamikal.es\/de\/standort-kontakt\/"]}]},{"@type":"BreadcrumbList","@id":"https:\/\/cristaleriamikal.es\/de\/standort-kontakt\/#breadcrumb","itemListElement":[{"@type":"ListItem","position":1,"name":"Home","item":"https:\/\/cristaleriamikal.es\/de\/"},{"@type":"ListItem","position":2,"name":"Kontakt"}]},{"@type":"WebSite","@id":"https:\/\/cristaleriamikal.es\/de\/#website","url":"https:\/\/cristaleriamikal.es\/de\/","name":"Cristaleria Mikal","description":"Cristaler\u00eda Mikal, vidrio, aluminio, herrer\u00eda y pvc en Palma de Mallorca","publisher":{"@id":"https:\/\/cristaleriamikal.es\/de\/#organization"},"potentialAction":[{"@type":"SearchAction","target":{"@type":"EntryPoint","urlTemplate":"https:\/\/cristaleriamikal.es\/de\/?s={search_term_string}"},"query-input":{"@type":"PropertyValueSpecification","valueRequired":true,"valueName":"search_term_string"}}],"inLanguage":"de"},{"@type":"Organization","@id":"https:\/\/cristaleriamikal.es\/de\/#organization","name":"Cristaler\u00eda Mikal","url":"https:\/\/cristaleriamikal.es\/de\/","logo":{"@type":"ImageObject","inLanguage":"de","@id":"https:\/\/cristaleriamikal.es\/de\/#\/schema\/logo\/image\/","url":"https:\/\/cristaleriamikal.es\/wp-content\/uploads\/2020\/03\/logo-mikal.png","contentUrl":"https:\/\/cristaleriamikal.es\/wp-content\/uploads\/2020\/03\/logo-mikal.png","width":600,"height":245,"caption":"Cristaler\u00eda Mikal"},"image":{"@id":"https:\/\/cristaleriamikal.es\/de\/#\/schema\/logo\/image\/"},"sameAs":["https:\/\/www.facebook.com\/cristaleriamikal\/","https:\/\/x.com\/cristalmikal","https:\/\/www.instagram.com\/cristaleriamikal\/"]}]}},"_links":{"self":[{"href":"https:\/\/cristaleriamikal.es\/de\/wp-json\/wp\/v2\/pages\/2201","targetHints":{"allow":["GET"]}}],"collection":[{"href":"https:\/\/cristaleriamikal.es\/de\/wp-json\/wp\/v2\/pages"}],"about":[{"href":"https:\/\/cristaleriamikal.es\/de\/wp-json\/wp\/v2\/types\/page"}],"author":[{"embeddable":true,"href":"https:\/\/cristaleriamikal.es\/de\/wp-json\/wp\/v2\/users\/17"}],"replies":[{"embeddable":true,"href":"https:\/\/cristaleriamikal.es\/de\/wp-json\/wp\/v2\/comments?post=2201"}],"version-history":[{"count":4,"href":"https:\/\/cristaleriamikal.es\/de\/wp-json\/wp\/v2\/pages\/2201\/revisions"}],"predecessor-version":[{"id":2206,"href":"https:\/\/cristaleriamikal.es\/de\/wp-json\/wp\/v2\/pages\/2201\/revisions\/2206"}],"wp:attachment":[{"href":"https:\/\/cristaleriamikal.es\/de\/wp-json\/wp\/v2\/media?parent=2201"}],"curies":[{"name":"wp","href":"https:\/\/api.w.org\/{rel}","templated":true}]}}