{"id":2193,"date":"2021-01-13T15:01:04","date_gmt":"2021-01-13T14:01:04","guid":{"rendered":"https:\/\/cristaleriamikal.es\/cristaleria-mikal\/"},"modified":"2021-02-04T11:23:50","modified_gmt":"2021-02-04T10:23:50","slug":"cristaleria-mikal","status":"publish","type":"page","link":"https:\/\/cristaleriamikal.es\/de\/cristaleria-mikal\/","title":{"rendered":"Mikal"},"content":{"rendered":"<p>[et_pb_section fb_built=&#8220;1&#8243; module_class=&#8220;fullheight-section&#8220; _builder_version=&#8220;4.7.7&#8243; _module_preset=&#8220;default&#8220; custom_margin=&#8220;||||false|false&#8220; animation_style=&#8220;fade&#8220;][et_pb_row _builder_version=&#8220;4.7.7&#8243; _module_preset=&#8220;default&#8220;][et_pb_column type=&#8220;4_4&#8243; _builder_version=&#8220;4.7.7&#8243; _module_preset=&#8220;default&#8220;][et_pb_toggle title=&#8220;Mikal&#8220; admin_label=&#8220;MIKAL&#8220; _builder_version=&#8220;4.7.7&#8243; _module_preset=&#8220;default&#8220; title_level=&#8220;h1&#8243;]Unsere Glaserei ist ein 2009 in Palma de Mallorca gegr\u00fcndetes Familienunternehmen. Ein mallorquinischer Unternehmer entschied sich, seinen Kunden bei der Verwirklichung ihrer Projekte mit seiner Leidenschaft f\u00fcr das Glas, seinem reichen Fachwissen und seiner Erfahrung zur Seite zu stehen.<\/p>\n<p>Heute kann die GLASEREI MIKAL mit Hilfe seiner S\u00f6hne und einem Team au\u00dfergew\u00f6hnlicher Mitarbeiter Ihnen dabei helfen, jegliche Raumidee Wirklichkeit werden zu lassen. Unsere Glaserei zeichnet sich durch technisch und qualitativ hochwertige L\u00f6sungen in der Glasinstallation f\u00fcr anspruchsvolle Kunden aus.[\/et_pb_toggle][et_pb_slider _builder_version=&#8220;4.7.7&#8243; _module_preset=&#8220;default&#8220; auto=&#8220;on&#8220; auto_ignore_hover=&#8220;on&#8220;][et_pb_slide _builder_version=&#8220;4.7.7&#8243; _module_preset=&#8220;default&#8220; background_enable_color=&#8220;off&#8220; background_image=&#8220;https:\/\/cristaleriamikal.es\/wp-content\/uploads\/2021\/01\/cristaleria-mikal-01.jpg&#8220; background_enable_image=&#8220;on&#8220; sticky_transition=&#8220;on&#8220;][\/et_pb_slide][et_pb_slide _builder_version=&#8220;4.7.7&#8243; _module_preset=&#8220;default&#8220; background_enable_color=&#8220;off&#8220; background_image=&#8220;https:\/\/cristaleriamikal.es\/wp-content\/uploads\/2021\/01\/cristaleria-mikal-02.jpg&#8220; background_enable_image=&#8220;on&#8220; sticky_transition=&#8220;on&#8220;][\/et_pb_slide][et_pb_slide _builder_version=&#8220;4.7.7&#8243; _module_preset=&#8220;default&#8220; background_enable_color=&#8220;off&#8220; background_image=&#8220;https:\/\/cristaleriamikal.es\/wp-content\/uploads\/2021\/01\/cristaleria-mikal-03.jpg&#8220; background_enable_image=&#8220;on&#8220; sticky_transition=&#8220;on&#8220;][\/et_pb_slide][\/et_pb_slider][\/et_pb_column][\/et_pb_row][\/et_pb_section][et_pb_section fb_built=&#8220;1&#8243; module_class=&#8220;fullheight-section&#8220; _builder_version=&#8220;4.7.7&#8243; _module_preset=&#8220;default&#8220; custom_margin=&#8220;||||false|false&#8220;][et_pb_row _builder_version=&#8220;4.7.7&#8243; _module_preset=&#8220;default&#8220;][et_pb_column type=&#8220;4_4&#8243; _builder_version=&#8220;4.7.7&#8243; _module_preset=&#8220;default&#8220;][et_pb_toggle title=&#8220;Wir sind der Unterschied&#8220; admin_label=&#8220;Somo la diferencia&#8220; _builder_version=&#8220;4.7.7&#8243; _module_preset=&#8220;default&#8220; title_level=&#8220;h2&#8243;]In der GLASEREI MIKAL legen wir h\u00f6chsten Wert auf Kundenservice und so bleiben wir auch bei Projektabschluss mit Ihnen in Kontakt, um Eindr\u00fccke auszutauschen und das Endergebnis st\u00e4ndig zu verbessern. Es gen\u00fcgt uns nicht, dass unsere Kunden zufrieden sind, sie sollen beeindruckt sein. In PALMA DE MALLORCA messen wir uns in einem exklusiven Gewerbe und in einer Branche, die sich t\u00e4glich weiterentwickelt. Unser Anspruch ist es, eine Vorreiterrolle im Glasgewerbe einzunehmen.<\/p>\n<p>Unsere Arbeiten sprechen f\u00fcr sich und die Meinung unserer Kunden ist unsere beste Werbung.[\/et_pb_toggle][et_pb_slider _builder_version=&#8220;4.7.7&#8243; _module_preset=&#8220;default&#8220; auto=&#8220;on&#8220; auto_ignore_hover=&#8220;on&#8220;][et_pb_slide _builder_version=&#8220;4.7.7&#8243; _module_preset=&#8220;default&#8220; background_enable_color=&#8220;off&#8220; background_image=&#8220;https:\/\/cristaleriamikal.es\/wp-content\/uploads\/2021\/01\/somos-la-diferencia-cristaleria-mikal-01.jpg&#8220; background_enable_image=&#8220;on&#8220; sticky_transition=&#8220;on&#8220;][\/et_pb_slide][et_pb_slide _builder_version=&#8220;4.7.7&#8243; _module_preset=&#8220;default&#8220; background_enable_color=&#8220;off&#8220; background_image=&#8220;https:\/\/cristaleriamikal.es\/wp-content\/uploads\/2021\/01\/somos-la-diferencia-cristaleria-mikal-02.jpg&#8220; background_enable_image=&#8220;on&#8220; sticky_transition=&#8220;on&#8220;][\/et_pb_slide][et_pb_slide _builder_version=&#8220;4.7.7&#8243; _module_preset=&#8220;default&#8220; background_enable_color=&#8220;off&#8220; background_image=&#8220;https:\/\/cristaleriamikal.es\/wp-content\/uploads\/2021\/01\/somos-la-diferencia-cristaleria-mikal-03.jpg&#8220; background_enable_image=&#8220;on&#8220; sticky_transition=&#8220;on&#8220;][\/et_pb_slide][et_pb_slide _builder_version=&#8220;4.7.7&#8243; _module_preset=&#8220;default&#8220; background_enable_color=&#8220;off&#8220; background_image=&#8220;https:\/\/cristaleriamikal.es\/wp-content\/uploads\/2021\/01\/somos-la-diferencia-cristaleria-mikal-04.jpg&#8220; background_enable_image=&#8220;on&#8220; sticky_transition=&#8220;on&#8220;][\/et_pb_slide][et_pb_slide _builder_version=&#8220;4.7.7&#8243; _module_preset=&#8220;default&#8220; background_enable_color=&#8220;off&#8220; background_image=&#8220;https:\/\/cristaleriamikal.es\/wp-content\/uploads\/2021\/01\/somos-la-diferencia-cristaleria-mikal-05.jpg&#8220; background_enable_image=&#8220;on&#8220; sticky_transition=&#8220;on&#8220;][\/et_pb_slide][et_pb_slide _builder_version=&#8220;4.7.7&#8243; _module_preset=&#8220;default&#8220; background_enable_color=&#8220;off&#8220; background_image=&#8220;https:\/\/cristaleriamikal.es\/wp-content\/uploads\/2021\/01\/somos-la-diferencia-cristaleria-mikal-06.jpg&#8220; background_enable_image=&#8220;on&#8220; sticky_transition=&#8220;on&#8220;][\/et_pb_slide][\/et_pb_slider][\/et_pb_column][\/et_pb_row][\/et_pb_section][et_pb_section fb_built=&#8220;1&#8243; module_class=&#8220;fullheight-section&#8220; _builder_version=&#8220;4.7.7&#8243; _module_preset=&#8220;default&#8220; custom_margin=&#8220;||||false|false&#8220; custom_padding=&#8220;||||false|false&#8220;][et_pb_row _builder_version=&#8220;4.7.7&#8243; _module_preset=&#8220;default&#8220; custom_padding=&#8220;||0px||false|false&#8220;][et_pb_column type=&#8220;4_4&#8243; _builder_version=&#8220;4.7.7&#8243; _module_preset=&#8220;default&#8220;][et_pb_toggle title=&#8220;Hochprofessionelles Mitarbeiterteam&#8220; admin_label=&#8220;Equipo de profesionales&#8220; _builder_version=&#8220;4.7.7&#8243; _module_preset=&#8220;default&#8220; title_level=&#8220;h2&#8243;]Um in  der Glasbranche top zu sein, haben wir ein unvergleichliches Team an hochprofessionellen Facharbeitern aufgebaut, die allesamt \u00fcber eine fundierte und zielgerichtete Ausbildung verf\u00fcgen. Dies erlaubt uns, Auftr\u00e4ge gem\u00e4\u00df den Qualit\u00e4tsanspr\u00fcchen unserer Kunden auszuf\u00fchren.<\/p>\n<p>Unsere Facharbeiter werden Ihnen L\u00f6sungen anbieten und Sie beraten, damit Sie das beste Endergebnis erhalten, stets mit jener Exklusivit\u00e4t, die unsere Projekte auszeichnet. In der GLASEREI MIKAL schulen wir unsere Facharbeiter und \u00fcbermitteln ihnen die Philosophie der Perfektion, sodass sie unseren Kunden die besten Endergebnisse liefern k\u00f6nnen.[\/et_pb_toggle][et_pb_slider _builder_version=&#8220;4.7.7&#8243; _module_preset=&#8220;default&#8220; auto=&#8220;on&#8220; auto_ignore_hover=&#8220;on&#8220;][et_pb_slide _builder_version=&#8220;4.7.7&#8243; _module_preset=&#8220;default&#8220; background_enable_color=&#8220;off&#8220; background_image=&#8220;https:\/\/cristaleriamikal.es\/wp-content\/uploads\/2021\/01\/equipo-profesional-cristaleria-mikal-01.jpg&#8220; background_enable_image=&#8220;on&#8220; sticky_transition=&#8220;on&#8220;][\/et_pb_slide][et_pb_slide _builder_version=&#8220;4.7.7&#8243; _module_preset=&#8220;default&#8220; background_enable_color=&#8220;off&#8220; background_image=&#8220;https:\/\/cristaleriamikal.es\/wp-content\/uploads\/2021\/01\/equipo-profesional-cristaleria-mikal-02.jpg&#8220; background_enable_image=&#8220;on&#8220; sticky_transition=&#8220;on&#8220;][\/et_pb_slide][et_pb_slide _builder_version=&#8220;4.7.7&#8243; _module_preset=&#8220;default&#8220; background_enable_color=&#8220;off&#8220; background_image=&#8220;https:\/\/cristaleriamikal.es\/wp-content\/uploads\/2021\/01\/equipo-profesional-cristaleria-mikal-03.jpg&#8220; background_enable_image=&#8220;on&#8220; sticky_transition=&#8220;on&#8220;][\/et_pb_slide][et_pb_slide _builder_version=&#8220;4.7.7&#8243; _module_preset=&#8220;default&#8220; background_enable_color=&#8220;off&#8220; background_image=&#8220;https:\/\/cristaleriamikal.es\/wp-content\/uploads\/2021\/01\/equipo-profesional-cristaleria-mikal-04.jpg&#8220; background_enable_image=&#8220;on&#8220; sticky_transition=&#8220;on&#8220;][\/et_pb_slide][\/et_pb_slider][\/et_pb_column][\/et_pb_row][\/et_pb_section]<\/p>\n","protected":false},"excerpt":{"rendered":"<p>Unsere Glaserei ist ein 2009 in Palma de Mallorca gegr\u00fcndetes Familienunternehmen. Ein mallorquinischer Unternehmer entschied sich, seinen Kunden bei der Verwirklichung ihrer Projekte mit seiner Leidenschaft f\u00fcr das Glas, seinem reichen Fachwissen und seiner Erfahrung zur Seite zu stehen. Heute kann die GLASEREI MIKAL mit Hilfe seiner S\u00f6hne und einem Team au\u00dfergew\u00f6hnlicher Mitarbeiter Ihnen dabei [&hellip;]<\/p>\n","protected":false},"author":19,"featured_media":0,"parent":0,"menu_order":0,"comment_status":"closed","ping_status":"closed","template":"","meta":{"_et_pb_use_builder":"on","_et_pb_old_content":"","_et_gb_content_width":"","footnotes":""},"class_list":["post-2193","page","type-page","status-publish","hentry"],"yoast_head":"<!-- This site is optimized with the Yoast SEO plugin v25.4 - https:\/\/yoast.com\/wordpress\/plugins\/seo\/ -->\n<title>Cristaleria Mikal - Ein 2009 gegr\u00fcndetes Familienunternehmen in Mallorca<\/title>\n<meta name=\"description\" content=\"Cristaler\u00eda Mikal ist ein Familienunternehmen, das 2009 in Palma de Mallorca von einem mallorquinischen Gesch\u00e4ftsmann mit einer Leidenschaft f\u00fcr Glas gegr\u00fcndet wurde\" \/>\n<meta name=\"robots\" content=\"index, follow, max-snippet:-1, max-image-preview:large, max-video-preview:-1\" \/>\n<link rel=\"canonical\" href=\"https:\/\/cristaleriamikal.es\/de\/cristaleria-mikal\/\" \/>\n<meta property=\"og:locale\" content=\"de_DE\" \/>\n<meta property=\"og:type\" content=\"article\" \/>\n<meta property=\"og:title\" content=\"Cristaleria Mikal - Ein 2009 gegr\u00fcndetes Familienunternehmen in Mallorca\" \/>\n<meta property=\"og:description\" content=\"Cristaler\u00eda Mikal ist ein Familienunternehmen, das 2009 in Palma de Mallorca von einem mallorquinischen Gesch\u00e4ftsmann mit einer Leidenschaft f\u00fcr Glas gegr\u00fcndet wurde\" \/>\n<meta property=\"og:url\" content=\"https:\/\/cristaleriamikal.es\/de\/cristaleria-mikal\/\" \/>\n<meta property=\"og:site_name\" content=\"Cristaleria Mikal\" \/>\n<meta property=\"article:publisher\" content=\"https:\/\/www.facebook.com\/cristaleriamikal\/\" \/>\n<meta property=\"article:modified_time\" content=\"2021-02-04T10:23:50+00:00\" \/>\n<meta name=\"twitter:card\" content=\"summary_large_image\" \/>\n<meta name=\"twitter:site\" content=\"@cristalmikal\" \/>\n<meta name=\"twitter:label1\" content=\"Gesch\u00e4tzte Lesezeit\" \/>\n\t<meta name=\"twitter:data1\" content=\"5\u00a0Minuten\" \/>\n<script type=\"application\/ld+json\" class=\"yoast-schema-graph\">{\"@context\":\"https:\/\/schema.org\",\"@graph\":[{\"@type\":\"WebPage\",\"@id\":\"https:\/\/cristaleriamikal.es\/de\/cristaleria-mikal\/\",\"url\":\"https:\/\/cristaleriamikal.es\/de\/cristaleria-mikal\/\",\"name\":\"Cristaleria Mikal - Ein 2009 gegr\u00fcndetes Familienunternehmen in Mallorca\",\"isPartOf\":{\"@id\":\"https:\/\/cristaleriamikal.es\/de\/#website\"},\"datePublished\":\"2021-01-13T14:01:04+00:00\",\"dateModified\":\"2021-02-04T10:23:50+00:00\",\"description\":\"Cristaler\u00eda Mikal ist ein Familienunternehmen, das 2009 in Palma de Mallorca von einem mallorquinischen Gesch\u00e4ftsmann mit einer Leidenschaft f\u00fcr Glas gegr\u00fcndet wurde\",\"breadcrumb\":{\"@id\":\"https:\/\/cristaleriamikal.es\/de\/cristaleria-mikal\/#breadcrumb\"},\"inLanguage\":\"de\",\"potentialAction\":[{\"@type\":\"ReadAction\",\"target\":[\"https:\/\/cristaleriamikal.es\/de\/cristaleria-mikal\/\"]}]},{\"@type\":\"BreadcrumbList\",\"@id\":\"https:\/\/cristaleriamikal.es\/de\/cristaleria-mikal\/#breadcrumb\",\"itemListElement\":[{\"@type\":\"ListItem\",\"position\":1,\"name\":\"Home\",\"item\":\"https:\/\/cristaleriamikal.es\/de\/\"},{\"@type\":\"ListItem\",\"position\":2,\"name\":\"Mikal\"}]},{\"@type\":\"WebSite\",\"@id\":\"https:\/\/cristaleriamikal.es\/de\/#website\",\"url\":\"https:\/\/cristaleriamikal.es\/de\/\",\"name\":\"Cristaleria Mikal\",\"description\":\"Cristaler\u00eda Mikal, vidrio, aluminio, herrer\u00eda y pvc en Palma de Mallorca\",\"publisher\":{\"@id\":\"https:\/\/cristaleriamikal.es\/de\/#organization\"},\"potentialAction\":[{\"@type\":\"SearchAction\",\"target\":{\"@type\":\"EntryPoint\",\"urlTemplate\":\"https:\/\/cristaleriamikal.es\/de\/?s={search_term_string}\"},\"query-input\":{\"@type\":\"PropertyValueSpecification\",\"valueRequired\":true,\"valueName\":\"search_term_string\"}}],\"inLanguage\":\"de\"},{\"@type\":\"Organization\",\"@id\":\"https:\/\/cristaleriamikal.es\/de\/#organization\",\"name\":\"Cristaler\u00eda Mikal\",\"url\":\"https:\/\/cristaleriamikal.es\/de\/\",\"logo\":{\"@type\":\"ImageObject\",\"inLanguage\":\"de\",\"@id\":\"https:\/\/cristaleriamikal.es\/de\/#\/schema\/logo\/image\/\",\"url\":\"https:\/\/cristaleriamikal.es\/wp-content\/uploads\/2020\/03\/logo-mikal.png\",\"contentUrl\":\"https:\/\/cristaleriamikal.es\/wp-content\/uploads\/2020\/03\/logo-mikal.png\",\"width\":600,\"height\":245,\"caption\":\"Cristaler\u00eda Mikal\"},\"image\":{\"@id\":\"https:\/\/cristaleriamikal.es\/de\/#\/schema\/logo\/image\/\"},\"sameAs\":[\"https:\/\/www.facebook.com\/cristaleriamikal\/\",\"https:\/\/x.com\/cristalmikal\",\"https:\/\/www.instagram.com\/cristaleriamikal\/\"]}]}<\/script>\n<!-- \/ Yoast SEO plugin. -->","yoast_head_json":{"title":"Cristaleria Mikal - Ein 2009 gegr\u00fcndetes Familienunternehmen in Mallorca","description":"Cristaler\u00eda Mikal ist ein Familienunternehmen, das 2009 in Palma de Mallorca von einem mallorquinischen Gesch\u00e4ftsmann mit einer Leidenschaft f\u00fcr Glas gegr\u00fcndet wurde","robots":{"index":"index","follow":"follow","max-snippet":"max-snippet:-1","max-image-preview":"max-image-preview:large","max-video-preview":"max-video-preview:-1"},"canonical":"https:\/\/cristaleriamikal.es\/de\/cristaleria-mikal\/","og_locale":"de_DE","og_type":"article","og_title":"Cristaleria Mikal - Ein 2009 gegr\u00fcndetes Familienunternehmen in Mallorca","og_description":"Cristaler\u00eda Mikal ist ein Familienunternehmen, das 2009 in Palma de Mallorca von einem mallorquinischen Gesch\u00e4ftsmann mit einer Leidenschaft f\u00fcr Glas gegr\u00fcndet wurde","og_url":"https:\/\/cristaleriamikal.es\/de\/cristaleria-mikal\/","og_site_name":"Cristaleria Mikal","article_publisher":"https:\/\/www.facebook.com\/cristaleriamikal\/","article_modified_time":"2021-02-04T10:23:50+00:00","twitter_card":"summary_large_image","twitter_site":"@cristalmikal","twitter_misc":{"Gesch\u00e4tzte Lesezeit":"5\u00a0Minuten"},"schema":{"@context":"https:\/\/schema.org","@graph":[{"@type":"WebPage","@id":"https:\/\/cristaleriamikal.es\/de\/cristaleria-mikal\/","url":"https:\/\/cristaleriamikal.es\/de\/cristaleria-mikal\/","name":"Cristaleria Mikal - Ein 2009 gegr\u00fcndetes Familienunternehmen in Mallorca","isPartOf":{"@id":"https:\/\/cristaleriamikal.es\/de\/#website"},"datePublished":"2021-01-13T14:01:04+00:00","dateModified":"2021-02-04T10:23:50+00:00","description":"Cristaler\u00eda Mikal ist ein Familienunternehmen, das 2009 in Palma de Mallorca von einem mallorquinischen Gesch\u00e4ftsmann mit einer Leidenschaft f\u00fcr Glas gegr\u00fcndet wurde","breadcrumb":{"@id":"https:\/\/cristaleriamikal.es\/de\/cristaleria-mikal\/#breadcrumb"},"inLanguage":"de","potentialAction":[{"@type":"ReadAction","target":["https:\/\/cristaleriamikal.es\/de\/cristaleria-mikal\/"]}]},{"@type":"BreadcrumbList","@id":"https:\/\/cristaleriamikal.es\/de\/cristaleria-mikal\/#breadcrumb","itemListElement":[{"@type":"ListItem","position":1,"name":"Home","item":"https:\/\/cristaleriamikal.es\/de\/"},{"@type":"ListItem","position":2,"name":"Mikal"}]},{"@type":"WebSite","@id":"https:\/\/cristaleriamikal.es\/de\/#website","url":"https:\/\/cristaleriamikal.es\/de\/","name":"Cristaleria Mikal","description":"Cristaler\u00eda Mikal, vidrio, aluminio, herrer\u00eda y pvc en Palma de Mallorca","publisher":{"@id":"https:\/\/cristaleriamikal.es\/de\/#organization"},"potentialAction":[{"@type":"SearchAction","target":{"@type":"EntryPoint","urlTemplate":"https:\/\/cristaleriamikal.es\/de\/?s={search_term_string}"},"query-input":{"@type":"PropertyValueSpecification","valueRequired":true,"valueName":"search_term_string"}}],"inLanguage":"de"},{"@type":"Organization","@id":"https:\/\/cristaleriamikal.es\/de\/#organization","name":"Cristaler\u00eda Mikal","url":"https:\/\/cristaleriamikal.es\/de\/","logo":{"@type":"ImageObject","inLanguage":"de","@id":"https:\/\/cristaleriamikal.es\/de\/#\/schema\/logo\/image\/","url":"https:\/\/cristaleriamikal.es\/wp-content\/uploads\/2020\/03\/logo-mikal.png","contentUrl":"https:\/\/cristaleriamikal.es\/wp-content\/uploads\/2020\/03\/logo-mikal.png","width":600,"height":245,"caption":"Cristaler\u00eda Mikal"},"image":{"@id":"https:\/\/cristaleriamikal.es\/de\/#\/schema\/logo\/image\/"},"sameAs":["https:\/\/www.facebook.com\/cristaleriamikal\/","https:\/\/x.com\/cristalmikal","https:\/\/www.instagram.com\/cristaleriamikal\/"]}]}},"_links":{"self":[{"href":"https:\/\/cristaleriamikal.es\/de\/wp-json\/wp\/v2\/pages\/2193","targetHints":{"allow":["GET"]}}],"collection":[{"href":"https:\/\/cristaleriamikal.es\/de\/wp-json\/wp\/v2\/pages"}],"about":[{"href":"https:\/\/cristaleriamikal.es\/de\/wp-json\/wp\/v2\/types\/page"}],"author":[{"embeddable":true,"href":"https:\/\/cristaleriamikal.es\/de\/wp-json\/wp\/v2\/users\/19"}],"replies":[{"embeddable":true,"href":"https:\/\/cristaleriamikal.es\/de\/wp-json\/wp\/v2\/comments?post=2193"}],"version-history":[{"count":5,"href":"https:\/\/cristaleriamikal.es\/de\/wp-json\/wp\/v2\/pages\/2193\/revisions"}],"predecessor-version":[{"id":2252,"href":"https:\/\/cristaleriamikal.es\/de\/wp-json\/wp\/v2\/pages\/2193\/revisions\/2252"}],"wp:attachment":[{"href":"https:\/\/cristaleriamikal.es\/de\/wp-json\/wp\/v2\/media?parent=2193"}],"curies":[{"name":"wp","href":"https:\/\/api.w.org\/{rel}","templated":true}]}}